{"id":532,"date":"2023-05-12T16:21:15","date_gmt":"2023-05-12T14:21:15","guid":{"rendered":"http:\/\/www.juntspertorrelavit.cat\/?page_id=532"},"modified":"2023-05-18T16:16:10","modified_gmt":"2023-05-18T14:16:10","slug":"junts-ho-podem-fer","status":"publish","type":"page","link":"https:\/\/www.juntspertorrelavit.cat\/index.php\/junts-ho-podem-fer\/","title":{"rendered":"Junts ho podem fer!"},"content":{"rendered":"\n<p class=\"has-text-align-justify\">Les eleccions municipals del 28 de maig s\u00f3n l&#8217;oportunitat de marcar una difer\u00e8ncia a Torrelavit.<\/p>\n\n\n\n<p class=\"has-text-align-justify\">Aquests darrers quatre anys ens han ensenyat a tots que Torrelavit necessita un govern capa\u00e7 i efectiu. Aix\u00f2 es el que Junts per Torrelavit volem oferir.Tot el temps que he tingut l&#8217;honor de ser l\u2019alcalde de Torrelavit, el nostre grup i jo vam con\u00e8ixer les necessitats del poble, les eines per fer-hi front, i com gestionar-les.<\/p>\n\n\n\n<p class=\"has-text-align-justify\">Volem tornar a posar aquests coneixements, aprenentatge i experi\u00e8ncia al servei de tothom, i aportar a Torrelavit el canvi i les millores que tant necessita.<\/p>\n\n\n\n<p class=\"has-text-align-justify\">I volem fer-ho amb transpar\u00e8ncia i sumant esfor\u00e7os amb tots els grups i institucions que tamb\u00e9 busquen el millor per Torrelavit.<\/p>\n\n\n\n<p class=\"has-text-align-justify\">Aix\u00ed, Junts per Torrelavit ha elaborat una candidatura formada per ve\u00efns i ve\u00efnes treballadores amb experi\u00e8ncia, responsabilitat, coneixements, criteri i  il\u00b7lusi\u00f3 que representen la diversitat i la pluralitat de la nostra comunitat.<\/p>\n\n\n\n<p class=\"has-text-align-justify\">Aqu\u00ed trobareu algunes de les propostes que defineixen el nostre projecte m\u00e9s enll\u00e0 dels pr\u00f2xims quatre anys; perqu\u00e8 volem que Torrelavit torni a ser un poble on viure i conviure. No ho podem fer sols, no sense la vostra ajuda, per\u00f2 junts ho podem fer!<\/p>\n\n\n\n<p style=\"font-size:20px\"><a rel=\"noreferrer noopener\" href=\"http:\/\/www.juntspertorrelavit.cat\/wp-content\/uploads\/2023\/05\/Programa_electoral_2023-1.pdf\" target=\"_blank\"><strong>Obrir el programa en format PDF<\/strong><\/a><\/p>\n\n\n\n<h2 class=\"wp-block-heading has-text-color\" style=\"color:#00c3b2\"><strong>PERSONES<\/strong><\/h2>\n\n\n\n<ul class=\"wp-block-list\">\n<li><strong>Millora i creaci\u00f3 de nous parcs infantils: <\/strong>Els espais de joc i lleure s\u00f3n indispensables per a l\u2019entreteniment i aprenentatge dels nostres infants. Aquests han quedat en els darrers anys desatesos i antiquats. Portarem a terme una remodelaci\u00f3 i actualitzaci\u00f3 dels diferents parcs existents i executarem la creaci\u00f3 de nous espais en zones on actualment no disposen de cap d\u2019aquests equipaments.<\/li>\n<\/ul>\n\n\n\n<ul class=\"wp-block-list\">\n<li><strong>Acc\u00e9s al mercat laboral i habitatge per als joves: <\/strong>Un dels problemes m\u00e9s importants dels nostres joves actualment \u00e9s l\u2019acc\u00e9s al mercat laboral i a l\u2019habitatge. Treballarem pol\u00edtiques que afavoreixen i ajudin als joves a la seva incorporaci\u00f3 al mercat laboral establint sin\u00e8rgies amb les empreses del municipi; i facilitarem l\u2019acc\u00e9s a l\u2019habitatge a trav\u00e9s d\u2019un programa per la creaci\u00f3 d\u2019habitatge assequible.<\/li>\n<\/ul>\n\n\n\n<ul class=\"wp-block-list\">\n<li><strong>Transport gratu\u00eft al Centre de dia per als seus usuaris: <\/strong>La gent gran \u00e9s un col\u00b7lectiu molt important en la nostra societat i per tal d\u2019afavorir el seu benestar i facilitar-los l\u2019\u00fas del Centre de dia, buscarem fer possible el transport gratu\u00eft des del seu domicili fins al centre. La implantaci\u00f3 d\u2019aquest servei permetr\u00e0 ampliar-lo a altres necessitats de la gent gran amb problemes de mobilitat (per exemple, anar al consultori m\u00e8dic).<\/li>\n<\/ul>\n\n\n\n<ul class=\"wp-block-list\">\n<li><strong>Prevenci\u00f3 de l\u2019exclusi\u00f3 digital: <\/strong>Vivim en una societat on cada vegada \u00e9s m\u00e9s indispensable l\u2019\u00fas de les noves tecnologies, on la falta de coneixements i\/o equipament provoquen en moltes ocasions un risc d\u2019exclusi\u00f3. Promourem cursos i eines per facilitar l\u2019acc\u00e9s de totes les nostres ve\u00efnes i ve\u00efns a aquest m\u00f3n digitalitzat.<\/li>\n<\/ul>\n\n\n\n<ul class=\"wp-block-list\">\n<li><strong>Mobilitzaci\u00f3 del parc d\u2019habitatges buits per un habitatge assequible: <\/strong>ATorrelavit igual que la majoria de municipis tenim un parc d\u2019habitatges buits que no compleixen la seva funci\u00f3 social. &nbsp;Treballarem conjuntament amb els propietaris d\u2019habitatges buits per tal de facilitar la reforma i adequaci\u00f3 d\u2019aquests per tal de poder obtenir habitatge assequible i minimitzar l\u2019impacte provocat pel des\u00fas d\u2019aquests.<\/li>\n<\/ul>\n\n\n\n<ul class=\"wp-block-list\">\n<li><strong>Creaci\u00f3 d\u2019ombres als espais p\u00fablics: <\/strong>El canvi clim\u00e0tic i els creixents per\u00edodes d\u2019altes temperatures fan necess\u00e0ria la creaci\u00f3 de zones d\u2019ombres als espais p\u00fablics, generant espais m\u00e9s confortables i saludables.<\/li>\n<\/ul>\n\n\n\n<h2 class=\"wp-block-heading has-text-color\" style=\"color:#00c3b2\"><strong>AJUNTAMENT OBERT<\/strong><\/h2>\n\n\n\n<ul class=\"wp-block-list\">\n<li><strong>Nou canal de comunicaci\u00f3 directe amb les ve\u00efnes i ve\u00efns: <\/strong>Com a qualsevol administraci\u00f3 existeixen actuacions que s\u2019han de resoldre de forma urgent i que suposen una mol\u00e8stia o perjudici per la poblaci\u00f3. Per aix\u00f2, \u00e9s neces s\u00e0ria una comunicaci\u00f3 r\u00e0pida i directe amb totes les ve\u00efnes i ve\u00efns, mitjan\u00e7ant la creaci\u00f3 d\u2019un nou canal de comunicaci\u00f3 oficial que ens permeti arribar a tothom de forma efica\u00e7.<\/li>\n<\/ul>\n\n\n\n<ul class=\"wp-block-list\">\n<li><strong>Actuaci\u00f3 administrativa m\u00e9s \u00e0gil, donant resposta a totes les sol\u00b7licituds i peticions : <\/strong>Perqu\u00e8 totes les sol\u00b7licituds i peticions s\u00f3n importants i mereixen ser contestades, agilitzarem les actuacions administratives per tal de ser m\u00e9s eficients i garantir resposta a totes elles.<\/li>\n<\/ul>\n\n\n\n<ul class=\"wp-block-list\">\n<li><strong>Obertura de l\u2019Ajuntament a tothom, escoltant, debatent, dialogant i consensuant :<\/strong> Aquest ha estat sempre el tarann\u00e0 de la gent de Junts per Torrelavit, volem tornar a obrir l\u2019Ajuntament a tothom, escoltar i dialogar, per tal de trobar les millors solucions a les vostres inquietuds.<\/li>\n<\/ul>\n\n\n\n<ul class=\"wp-block-list\">\n<li><strong>Processos de participaci\u00f3 ciutadana, en <\/strong><strong>\u00e0mbits d\u2019inter\u00e8s general : <\/strong>Creiem necessari escoltar la veu de les nostres ve\u00efnes i ve\u00efns, portar a terme actuacions que ens permetin con\u00e8ixer les vostres opinions i donar eines per tal de crear processos de participaci\u00f3 en diferents \u00e0mbits municipals.<strong><\/strong><\/li>\n<\/ul>\n\n\n\n<h2 class=\"wp-block-heading has-text-color\" style=\"color:#00c3b2\"><strong>AIGUA<\/strong><\/h2>\n\n\n\n<ul class=\"wp-block-list\">\n<li><strong>Aigua de boca: garantir un servei responsable i sostenible : <\/strong>L\u2019aigua, un b\u00e9 indispensable. Volem garantir-ne el seu servei, d\u2019una forma m\u00e9s responsable. L\u2019actual situaci\u00f3 de sequera ha portat l\u2019Ajuntament de Torrelavit a abastir-se amb cisternes, soluci\u00f3 gens sostenible en el temps.<\/li>\n<\/ul>\n\n\n\n<ul class=\"wp-block-list\">\n<li><strong>Recerca de nous abastaments d\u2019aigua: <\/strong>Actualment les captacions d\u2019aigua existents no tenen els suficient rendiment per abastir tota la poblaci\u00f3 de Torrelavit. \u00c9s necessari i prioritari trobar nous abastaments aix\u00ed com racionalitzar el consum d\u2019aigua en determinats usos com pot ser el rec de les zones municipals<\/li>\n<\/ul>\n\n\n\n<ul class=\"wp-block-list\">\n<li><strong>Canvi d\u2019aixetes de pas i hidrants de Can Rossell:<\/strong> Un factor important\u00edssim per garantir el servei de l\u2019aigua \u00e9s el manteniment constant de la xarxa de subministrament en baixa, per tal de detectar el m\u00e9s aviat possible una fuga d\u2019aigua.<\/li>\n<\/ul>\n\n\n\n<ul class=\"wp-block-list\">\n<li><strong>Comptadors intel\u00b7ligents d\u2019aigua per millorar la sostenibilitat i efici\u00e8ncia : <\/strong>Millora de l\u2019actual sistema de comptadors, substituint-los per models que permetin una gesti\u00f3 m\u00e9s sostenible i eficient de l\u2019aigua. Amb aquest sistema aconseguirem tres objectius: detecci\u00f3 de l\u2019exist\u00e8ncia d\u2019una fuga per comparaci\u00f3 amb l\u2019aigua extreta de pou i la consumida, detecci\u00f3 de fuites dintre dels habitatges i evitar que un treballador municipal hagi de visitar presencialment comptador per comptador.<\/li>\n<\/ul>\n\n\n\n<h2 class=\"wp-block-heading has-text-color\" style=\"color:#00c3b2\"><strong>MANTENIMENT<\/strong><\/h2>\n\n\n\n<ul class=\"wp-block-list\">\n<li><strong>Adequaci\u00f3 dels vehicles municipals : <\/strong>Revisi\u00f3 i adequaci\u00f3 de tots els vehicles municipals per tal de garantir un treball m\u00e9s eficient i amb tota seguretat al personal de la brigada municipal.<\/li>\n<\/ul>\n\n\n\n<ul class=\"wp-block-list\">\n<li><strong>Dotaci\u00f3 d\u2019eines adequades i materials a la brigada municipal <\/strong>: Dotarem a la brigada municipal de totes les eines necess\u00e0ries per tal de que puguin portar a terme les seves tasques d\u2019una forma m\u00e9s \u00e0gil i segura.<\/li>\n<\/ul>\n\n\n\n<ul class=\"wp-block-list\">\n<li><strong>Manteniment peri\u00f2dic de les zones enjardinades i mobiliari urb\u00e0 : <\/strong>Iniciarem un manteniment peri\u00f2dic de totes les zones enjardinades i del mobiliari urb\u00e0 per tal d\u2019evitar el seu deteriorament.<\/li>\n<\/ul>\n\n\n\n<ul class=\"wp-block-list\">\n<li><strong>Neteja <\/strong><strong>freq\u00fcent de tots els espais p\u00fablics : <\/strong>Volem que tots i cadascun dels espais p\u00fablics de Torrelavit tinguin un correcte estat de neteja.<\/li>\n<\/ul>\n\n\n\n<ul class=\"wp-block-list\">\n<li><strong>Programa de repavimentaci\u00f3 de tots els carrers : <\/strong>Portarem a terme la creaci\u00f3 d\u2019un programa de repavimentaci\u00f3 de tots els carrers, per tal de planificar la seva execuci\u00f3.<\/li>\n<\/ul>\n\n\n\n<h2 class=\"wp-block-heading has-text-color\" style=\"color:#00c3b2\"><strong>SERVEIS<\/strong><\/h2>\n\n\n\n<ul class=\"wp-block-list\">\n<li><strong>Encarregat municipal per a la zona esportiva, escola i llar d\u2019infants : <\/strong>Crearem la figura de l\u2019encarregat municipal per a la zona esportiva, escola i llar d\u2019infants, que vetllar\u00e0 pel bon funcionament i manteniment d\u2019aquestes zones.<\/li>\n<\/ul>\n\n\n\n<ul class=\"wp-block-list\">\n<li><strong>Revisi\u00f3 del sistema de recollida porta a porta : <\/strong>Analitzarem el funcionament de l\u2019actual sistema de recollida porta a porta i el seu cost, per tal d\u2019estudiar-ne possibles modificacions per a una millor gesti\u00f3 i reducci\u00f3 de costos.<\/li>\n<\/ul>\n\n\n\n<ul class=\"wp-block-list\">\n<li><strong>Estudi dels preus p\u00fablics dels carregadors el\u00e8ctrics : <\/strong>Estudiarem l\u2019actual contracte de gesti\u00f3 dels carregadors el\u00e8ctrics per a possibilitar la modificaci\u00f3 a la baixa dels preus p\u00fablics actuals.<\/li>\n<\/ul>\n\n\n\n<ul class=\"wp-block-list\">\n<li><strong>Arranjament del clavegueram del carrer de la Font, barri Mussons, Can Rossell i pol\u00edgon industrial : <\/strong>Connexi\u00f3 a la xarxa general de clavegueram dels diferents barris i zones que encara no hi estan connectats.<\/li>\n<\/ul>\n\n\n\n<h2 class=\"wp-block-heading has-text-color\" style=\"color:#00c3b2\"><strong>SEGURETAT<\/strong><\/h2>\n\n\n\n<ul class=\"wp-block-list\">\n<li><strong>Instal\u00b7laci\u00f3 de c\u00e0meres de seguretat als diferents accessos del municipi : <\/strong>Instal\u00b7larem les c\u00e0meres de seguretat als accessos del municipi que ha planificat l\u2019actual equip de govern (2 unitats), ampliant-ne la seva quantitat per tal de donar m\u00e9s cobertura i seguretat a d\u2019altres accessos no contemplats.<\/li>\n<\/ul>\n\n\n\n<ul class=\"wp-block-list\">\n<li><strong>Estudi de mobilitat per a la seguretat vi\u00e0ria i dels vianants : <\/strong>Realitzarem un estudi de mobilitat a tot el municipi per tal d\u2019aplicar les modificacions necess\u00e0ries per garantir la seguretat vi\u00e0ria i dels vianants.<\/li>\n<\/ul>\n\n\n\n<ul class=\"wp-block-list\">\n<li><strong>Replanteig de la parada dels autobusos de la Pineda : <\/strong>Estudiarem un possible soluci\u00f3 per tal de fer m\u00e9s operativa i funcional l\u2019actual parada dels autobusos de la Pineda, per facilitar la maniobra dels autobusos i garantir la seguretat dels seus usuaris.<\/li>\n<\/ul>\n\n\n\n<ul class=\"wp-block-list\">\n<li><strong>Treballs de prevenci\u00f3 i gesti\u00f3 dels incendis forestals conjuntament amb l\u2019ADF : <\/strong>Treballarem al costat de l\u2019ADF per tal de portar a terme actuacions de prevenci\u00f3 i gesti\u00f3 dels possibles incendis forestals.<\/li>\n<\/ul>\n\n\n\n<h2 class=\"wp-block-heading has-text-color\" style=\"color:#00c3b2\"><strong>SOSTENIBILITAT<\/strong><\/h2>\n\n\n\n<ul class=\"wp-block-list\">\n<li><strong>Millora de l\u2019efici\u00e8ncia energ\u00e8tica dels edificis municipals : <\/strong>Portarem a terme totes les actuacions necess\u00e0ries encaminades a millorar l\u2019efici\u00e8ncia energ\u00e8tica dels edificis municipals, fent-los m\u00e9s sostenibles i estalviant en el cost energ\u00e8tic.<\/li>\n<\/ul>\n\n\n\n<ul class=\"wp-block-list\">\n<li><strong>Estudi per a la creaci\u00f3 d\u2019una comunitat energ\u00e8tica local : <\/strong>Estudiarem la possibilitat de creaci\u00f3 d\u2019una comunitat energ\u00e8tica local per permetre una reducci\u00f3 de costos energ\u00e8tics de les llars de Torrelavit.<\/li>\n<\/ul>\n\n\n\n<ul class=\"wp-block-list\">\n<li><strong>Construcci\u00f3 de dip\u00f2sits d\u2019aig\u00fces pluvials per a l\u2019aprofitament de l\u2019aigua : <\/strong>Construirem un dip\u00f2sit per a la recollida d\u2019aig\u00fces pluvials al pavell\u00f3 i un altre al magatzem de la brigada municipal per tal d\u2019aprofitar l\u2019aigua de la pluja per reg, jardineria, etc&#8230;.<\/li>\n<\/ul>\n\n\n\n<ul class=\"wp-block-list\">\n<li><strong>Millora de la gesti\u00f3 del reciclatge de la deixalleria. : <\/strong>Una millor separaci\u00f3 dels residus que es recullen a la deixalleria ens permetr\u00e0 millorar en temes mediambientals i reduir els costos de gesti\u00f3 de la mateixa.<\/li>\n<\/ul>\n\n\n\n<h2 class=\"wp-block-heading has-text-color\" style=\"color:#00c3b2\"><strong>ESPAI P\u00daBLIC<\/strong><\/h2>\n\n\n\n<ul class=\"wp-block-list\">\n<li><strong>Millora de la mobilitat i aparcament al carrer de la Font : <\/strong>Crearem una zona d\u2019aparcament al carrer de la Font i millorarem la mobilitat dels vehicles, per tal de solucionar els actuals problemes d\u2019aparcament i tamb\u00e9 especialment de seguretat per a tots els usuaris i ve\u00efnes\/ve\u00efns del barri.<\/li>\n<\/ul>\n\n\n\n<ul class=\"wp-block-list\">\n<li><strong>Arranjament del cam\u00ed del Cal Campaner i aparcament del Torrent de la Cabana : <\/strong>Acondicionament del cam\u00ed de Cal Campaner a la pla\u00e7a 1 d\u2019Octubre per tal de millorar la seguretat dels vianants i de l\u2019aparcament del Torrent de la Cabana.<\/li>\n<\/ul>\n\n\n\n<ul class=\"wp-block-list\">\n<li><strong>Redacci\u00f3 del projecte de remodelaci\u00f3 del casc antic de Terrassola : <\/strong>El projecte contempla la pacificaci\u00f3 de tot el cas antic de Terrassola seguint la l\u00ednia dels treballs executats al carrer Major. \u00c9s necessari tenir-lo per poder obtenir finan\u00e7ament extern concorrent a totes les subvencions possibles.<\/li>\n<\/ul>\n\n\n\n<ul class=\"wp-block-list\">\n<li><strong>Vorera del c\/Mol\u00ed al consultori :<\/strong> Connexi\u00f3 de la vorera des del pont del carrer Mol\u00ed fins al consultori municipal per millorar la seguretat dels vianants.<\/li>\n<\/ul>\n\n\n\n<p><strong>Urbanitzaci\u00f3 de l\u2019entrada del nucli del Bell Pened\u00e8s :<\/strong> Consensuarem amb les ve\u00efnes i ve\u00efns del Bell Pened\u00e8s l\u2019actual projecte d\u2019arranjament dels accessos al barri i portarem a terme la seva execuci\u00f3.<\/p>\n\n\n\n<h2 class=\"wp-block-heading has-text-color\" style=\"color:#00c3b2\"><strong>PROSPERITAT<\/strong><\/h2>\n\n\n\n<ul class=\"wp-block-list\">\n<li><strong>Desplegament de la fibra \u00f2ptica a masies i disseminats : <\/strong>Portarem la fibra \u00f2ptica fins a les masies i nuclis disseminats on no hi arribat actualment.<\/li>\n<\/ul>\n\n\n\n<ul class=\"wp-block-list\">\n<li><strong>Suport al teixit comercial, empresarial i pagesia per garantir la seva competitivitat i continu\u00eftat: <\/strong>Executarem pol\u00edtiques orientades a donar suport a la continu\u00eftat d\u2019aquests a Torrelavit, per tal que pugui seguir exercint la seva activitat amb la m\u00e0xima competitivitat.<\/li>\n<\/ul>\n\n\n\n<ul class=\"wp-block-list\">\n<li><strong>Promoci\u00f3 d\u2019un turisme responsable i sostenible : <\/strong>Volem donar a con\u00e8ixer el nostre patrimoni i el nostre entorn, per\u00f2 fer-ho d\u2019una forma responsable i sostenible amb el medi.<\/li>\n<\/ul>\n\n\n\n<ul class=\"wp-block-list\">\n<li><strong>Potenciaci\u00f3 del Cam\u00ed del Riu com a recurs natural i tur\u00edstic : <\/strong>Tornarem a potenciar el Cam\u00ed del Riu, apostant pel seu valor natural, paisatg\u00edstic i com a reclam tur\u00edstic sostenible.<\/li>\n<\/ul>\n\n\n\n<h2 class=\"wp-block-heading has-text-color\" style=\"color:#00c3b2\"><strong>CULTURA<\/strong><\/h2>\n\n\n\n<ul class=\"wp-block-list\">\n<li><strong>Manteniment i promoci\u00f3 del teixit associatiu.: <\/strong>Les associacions formen part de l\u2019eix cultural d\u2019un poble, apostarem per mantenir, promocionar i recuperar el teixit associatiu.<\/li>\n<\/ul>\n\n\n\n<ul class=\"wp-block-list\">\n<li><strong>Actualitzaci\u00f3 de l\u2019oferta cultural : <\/strong>Replantejarem l\u2019actual oferta cultural per adequar-la a la demanda existent.<\/li>\n<\/ul>\n\n\n\n<ul class=\"wp-block-list\">\n<li><strong>Preservaci\u00f3 del patrimoni arquitect\u00f2nic : <\/strong>Recuperarem els treballs de preservaci\u00f3 del patrimoni arquitect\u00f2nic.<\/li>\n<\/ul>\n\n\n\n<ul class=\"wp-block-list\">\n<li><strong>Estudi de municipalitzaci\u00f3 dels terrenys dels tres pins de Can Rossell. : <\/strong>Estudiarem la possibilitat d\u2019adquirir els terrenys dels tres pins de Can Rossell com a s\u00edmbol d\u2019identitat del nucli i per tal de possibilitar l\u2019\u00fas de l\u2019espai per part dels ve\u00efns.<\/li>\n<\/ul>\n\n\n\n<h2 class=\"wp-block-heading has-text-color\" style=\"color:#00c3b2\"><strong>EQUIPAMENTS<\/strong><\/h2>\n\n\n\n<ul class=\"wp-block-list\">\n<li><strong>Execuci\u00f3 del projecte de pati de la Llar d\u2019Infants : <\/strong>Executarem el projecte del nou pati de la Llar d\u2019infants sorgit de la iniciativa de les educadores.<\/li>\n<\/ul>\n\n\n\n<ul class=\"wp-block-list\">\n<li><strong>Coberta amb plaques solars per a la pista de Can Rossell. : <\/strong>Creaci\u00f3 d\u2019ombra a la pista de Can Rossell mitjan\u00e7ant la instal\u00b7laci\u00f3 de plaques solars, generant aix\u00ed un espai m\u00e9s agradable a l\u2019estiu i aprofitant-lo per a la generaci\u00f3 d\u2019energia neta.<\/li>\n<\/ul>\n\n\n\n<ul class=\"wp-block-list\">\n<li><strong>Garantir el benestar de les persones oferint uns serveis de qualitat : <\/strong>Treballarem per mantenir uns serveis de qualitat, per garantir el benestar de tots els seus usuaris.<\/li>\n<\/ul>\n\n\n\n<ul class=\"wp-block-list\">\n<li><strong>Climatitzaci\u00f3 de les aules de l\u2019escola : <\/strong>Climatitzarem les aules de l\u2019escola J.J R\u00e0fols per tal de garantir el benestar dels alumnes i professorat, aprofitant l\u2019\u00fas d\u2019energia neta generada per les plaques solars del pavell\u00f3.<\/li>\n<\/ul>\n\n\n\n<ul class=\"wp-block-list\">\n<li><strong>Millora de l\u2019accessibilitat als equipaments municipals : <\/strong>Millorarem l\u2019acc\u00e9s a tots els edificis municipals per tal d\u2019adaptar-los a persones amb mobilitat redu\u00efda.<\/li>\n<\/ul>\n\n\n\n<h2 class=\"wp-block-heading has-text-color\" style=\"color:#00c3b2\"><strong>MUNICIPI<\/strong><\/h2>\n\n\n\n<ul class=\"wp-block-list\">\n<li><strong>Control de la correcta finalitzaci\u00f3 de les obres de la C-15. : <\/strong>Vetllarem per tal que la finalitzaci\u00f3 de les obres de la C-15 es faci de forma correcta ens els trams que afecten al nostre municipi.<\/li>\n<\/ul>\n\n\n\n<ul class=\"wp-block-list\">\n<li><strong>Estudi de la millora de la seguretat i dels accessos a Can Rossell, barri Mussons i barri de la Masia : <\/strong>Estudiarem possibles solucions per als accessos a aquests nuclis per tal de millorar-los i fer-los m\u00e9s segurs.<\/li>\n<\/ul>\n\n\n\n<ul class=\"wp-block-list\">\n<li><strong>Resoluci\u00f3 dels problemes reincidents amb les l\u00ednies el\u00e8ctriques a Can Rossell i disseminats : <\/strong>Estudiarem els problemes actuals d\u2019aquestes infraestructures per tal de trobar-hi soluci\u00f3 i acabar amb els problemes que generen als seus ve\u00efns.<\/li>\n<\/ul>\n\n\n\n<ul class=\"wp-block-list\">\n<li><strong>Pla d\u2019Ordenaci\u00f3 Urban\u00edstica Municipal (POUM) : <\/strong>Finalitzaci\u00f3 i aprovaci\u00f3 del pla d\u2019ordenaci\u00f3 urban\u00edstica municipal, iniciat en l\u2019anterior mandat de Junts Per Torrelavit i que no ha tingut continu\u00eftat en aquesta darrera legislatura.<\/li>\n<\/ul>\n\n\n\n<ul class=\"wp-block-list\">\n<li><strong>Baixada de fang a la C-15 a les Casetes d\u2019en Raspall: <\/strong>Arranjarem els problemes que generen la baixada de fang a la rotonda de la C-15 a l\u2019al\u00e7ada de les Casetes d\u2019en Raspall.<\/li>\n<\/ul>\n\n\n\n<h2 class=\"wp-block-heading has-text-color\" style=\"color:#00c3b2\">Junts per tu, Junts per Torrelavit, Junts per Catalunya<\/h2>\n\n\n\n<p style=\"font-size:20px\"><a rel=\"noreferrer noopener\" href=\"http:\/\/www.juntspertorrelavit.cat\/wp-content\/uploads\/2023\/05\/Programa_electoral_2023-1.pdf\" target=\"_blank\"><strong>Obrir el programa en format PDF<\/strong><\/a><\/p>\n","protected":false},"excerpt":{"rendered":"<p>Les eleccions municipals del 28 de maig s\u00f3n l&#8217;oportunitat de marcar una difer\u00e8ncia a Torrelavit. Aquests darrers quatre anys ens han ensenyat a tots que Torrelavit necessita un govern capa\u00e7 i efectiu. Aix\u00f2 es el que Junts per Torrelavit volem oferir.Tot el temps que he tingut l&#8217;honor de ser l\u2019alcalde &hellip;<\/p>\n","protected":false},"author":1,"featured_media":0,"parent":0,"menu_order":0,"comment_status":"closed","ping_status":"closed","template":"","meta":{"spay_email":"","footnotes":""},"class_list":["post-532","page","type-page","status-publish","hentry"],"jetpack_sharing_enabled":true,"_links":{"self":[{"href":"https:\/\/www.juntspertorrelavit.cat\/index.php\/wp-json\/wp\/v2\/pages\/532","targetHints":{"allow":["GET"]}}],"collection":[{"href":"https:\/\/www.juntspertorrelavit.cat\/index.php\/wp-json\/wp\/v2\/pages"}],"about":[{"href":"https:\/\/www.juntspertorrelavit.cat\/index.php\/wp-json\/wp\/v2\/types\/page"}],"author":[{"embeddable":true,"href":"https:\/\/www.juntspertorrelavit.cat\/index.php\/wp-json\/wp\/v2\/users\/1"}],"replies":[{"embeddable":true,"href":"https:\/\/www.juntspertorrelavit.cat\/index.php\/wp-json\/wp\/v2\/comments?post=532"}],"version-history":[{"count":10,"href":"https:\/\/www.juntspertorrelavit.cat\/index.php\/wp-json\/wp\/v2\/pages\/532\/revisions"}],"predecessor-version":[{"id":640,"href":"https:\/\/www.juntspertorrelavit.cat\/index.php\/wp-json\/wp\/v2\/pages\/532\/revisions\/640"}],"wp:attachment":[{"href":"https:\/\/www.juntspertorrelavit.cat\/index.php\/wp-json\/wp\/v2\/media?parent=532"}],"curies":[{"name":"wp","href":"https:\/\/api.w.org\/{rel}","templated":true}]}}